{"id":684,"date":"2020-11-28T13:31:13","date_gmt":"2020-11-28T12:31:13","guid":{"rendered":"https:\/\/nrpc37.fr\/index.php\/accueil\/"},"modified":"2020-11-28T14:52:00","modified_gmt":"2020-11-28T13:52:00","slug":"accueil","status":"publish","type":"page","link":"https:\/\/nrpc37.fr\/","title":{"rendered":"accueil"},"content":{"rendered":"\n    \n    <section class=\"u-align-center u-clearfix u-palette-1-dark-2 u-section-2\" id=\"carousel_ca4b\">\n      <div class=\"u-clearfix u-sheet u-valign-middle-sm u-valign-middle-xs u-sheet-1\">\n        <div class=\"u-custom-color-3 u-shape u-shape-rectangle u-shape-1\"><\/div>\n        <div class=\"u-container-style u-group u-palette-2-base u-shape-rectangle u-group-1\">\n          <div class=\"u-container-layout u-container-layout-1\"><\/div>\n        <\/div>\n        <div class=\"u-clearfix u-layout-wrap u-layout-wrap-1\">\n          <div class=\"u-layout\">\n            <div class=\"u-layout-row\">\n              <div class=\"u-align-left u-container-style u-layout-cell u-left-cell u-size-24-lg u-size-24-xl u-size-31-md u-size-31-sm u-size-31-xs u-white u-layout-cell-1\">\n                <div class=\"u-container-layout u-valign-top-md u-valign-top-sm u-valign-top-xs u-container-layout-2\">\n                  <p class=\"u-text u-text-1\">\n                    <font style=\"font-size: 2.25rem;\">Nicolas RAFIN<\/font>\n                    <br>\n                  <\/p>\n                  <h3 class=\"u-custom-font u-text u-text-font u-text-2\">Plomberie - Sanitaires - Climatisation<\/h3>\n                  <h1 class=\"u-custom-font u-font-pt-sans u-text u-text-3\">Cr\u00e9ation<\/h1>\n                  <h1 class=\"u-text u-text-custom-color-3 u-text-default u-text-4\">de<\/h1>\n                  <h1 class=\"u-text u-text-palette-2-light-1 u-text-5\">Salle de bain<\/h1>\n                  <h1 class=\"u-text u-text-6\">Cl\u00e9 en main<\/h1>\n                <\/div>\n              <\/div>\n              <div class=\"u-container-style u-image u-layout-cell u-right-cell u-size-29-md u-size-29-sm u-size-29-xs u-size-36-lg u-size-36-xl u-image-1\" data-image-width=\"1687\" data-image-height=\"1126\" data-href=\"http:\/\/nrpc37.fr\/index.php\/interventions.html#sec-67a8\">\n                <div class=\"u-container-layout u-valign-bottom u-container-layout-3\"><\/div>\n              <\/div>\n            <\/div>\n          <\/div>\n        <\/div>\n      <\/div>\n    <\/section>\n    <section class=\"u-align-center u-clearfix u-palette-1-dark-2 u-section-3\" src=\"\" id=\"sec-fcfc\">\n      <div class=\"u-clearfix u-sheet u-sheet-1\">\n        <h1 class=\"u-custom-font u-text u-text-font u-text-1\">Nicolas RAFIN&nbsp;<br>\n          <font style=\"font-size: 1.25rem;\">Plomberie - Sanitaires - Climatisation<\/font>\n          <br>\n          <br>\n        <\/h1>\n        <h4 class=\"u-custom-font u-text u-text-default u-text-font u-text-2\">C'est aussi...<\/h4>\n        <p class=\"u-text u-text-3\">Faire appel \u00e0 un professionnel&nbsp;comp\u00e9tent et qualifi\u00e9.<br>Avoir une \u00e9tude de vos travaux r\u00e9alis\u00e9e avec la plus grande attention.<br>Avoir la s\u00e9r\u00e9nit\u00e9 que vos travaux sont garantis dans le temps. \n        <\/p>\n        <div class=\"u-expanded-width u-list u-repeater u-list-1\">\n          <div class=\"u-container-style u-list-item u-repeater-item u-video-cover u-white u-list-item-1\">\n            <div class=\"u-container-layout u-similar-container u-valign-middle u-container-layout-1\"><span class=\"u-icon u-icon-rectangle u-text-palette-2-base u-icon-1\" data-animation-name=\"fadeIn\" data-animation-duration=\"1500\" data-animation-delay=\"750\" data-animation-direction=\"\" data-href=\"https:\/\/nrpc37.fr\/index.php\/interventions\/\"><svg class=\"u-svg-link\" preserveAspectRatio=\"xMidYMin slice\" viewBox=\"0 0 60 60\" style=\"\"><use xmlns:xlink=\"http:\/\/www.w3.org\/1999\/xlink\" xlink:href=\"#svg-504e\"><\/use><\/svg><svg xmlns=\"http:\/\/www.w3.org\/2000\/svg\" xmlns:xlink=\"http:\/\/www.w3.org\/1999\/xlink\" version=\"1.1\" xml:space=\"preserve\" class=\"u-svg-content\" viewBox=\"0 0 60 60\" id=\"svg-504e\" style=\"color: currentcolor;\"><g id=\"Page-1\" fill=\"none\" fill-rule=\"evenodd\"><g id=\"042---Tap\" fill=\"currentColor\" fill-rule=\"nonzero\" transform=\"translate(-1)\"><path id=\"Shape\" d=\"m32.417.583c-.7933878-.75606366-2.0406122-.75606366-2.834 0l-11.583 11.583v-2.166c0-1.1045695-.8954305-2-2-2h-6c-1.1045695 0-2 .8954305-2 2v12.166l-6.417 6.417c-.57435679.5720894-.7465651 1.4343009-.43603311 2.1831279.310532.7488269 1.04237483 1.2361364 1.85303311 1.2338721h6v25c0 1.6568542 1.3431458 3 3 3h38c1.6568542 0 3-1.3431458 3-3v-25h6c.8104761.0018575 1.541947-.4856008 1.8522218-1.2343361.3102749-.7487353.1380042-1.6107028-.4362218-2.1826639zm-22.417 9.417h6v4.166l-6 6zm6 48v-12c0-1.6568542 1.3431458-3 3-3h5.68c.3890241.0001572.7428319-.2253123.907-.578 1.4251971-2.9879261 5.0010771-4.2570033 7.991-2.836 1.2489561.5827385 2.252702 1.5868385 2.835 2.836.1641681.3526877.5179759.5781572.907.578h5.68c1.6568542 0 3 1.3431458 3 3v4h-4v-2c0-.5522847-.4477153-1-1-1h-3.68c-.3853439.00164-.7354602.2245473-.9.573-.9914842 2.0929206-3.1001076 3.4272656-5.416 3.4272656s-4.4245158-1.334345-5.416-3.4272656c-.1645398-.3484527-.5146561-.57136-.9-.573h-3.688c-.5522847 0-1 .4477153-1 1v10zm18-27h-7.54c-.3576137-.0003484-.6881932.1902972-.867.5-.6789085 1.175904-2.0629828 1.7492064-3.3745333 1.3977775-1.3115506-.3514289-2.2235429-1.5399605-2.2235429-2.8977775s.9119923-2.5463486 2.2235429-2.8977775c1.3115505-.3514289 2.6956248.2218735 3.3745333 1.3977775.1788068.3097028.5093863.5003484.867.5h9.08c.3576137.0003484.6881932-.1902972.867-.5.6789085-1.175904 2.0629828-1.7492064 3.3745333-1.3977775 1.3115506.3514289 2.2235429 1.5399605 2.2235429 2.8977775s-.9119923 2.5463486-2.2235429 2.8977775c-1.3115505.3514289-2.6956248-.2218735-3.3745333-1.3977775-.1788068-.3097028-.5093863-.5003484-.867-.5zm-1 2v4.266c-1.312168-.3359788-2.687832-.3359788-4 0v-4.266zm17 25h-28v-9h2.075c1.4274683 2.4752984 4.0675942 4.0004538 6.925 4.0004538s5.4975317-1.5251554 6.925-4.0004538h2.075v1c0 1.1045695.8954305 2 2 2h4c1.1045695 0 2-.8954305 2-2v-4c-.0033061-2.7600532-2.2399468-4.9966939-5-5h-5.073c-.7000413-1.2100471-1.7105176-2.2112023-2.927-2.9v-5.1c1.2912912 1.7217216 3.5394281 2.4239867 5.5811388 1.7434165s3.4188612-2.5912645 3.4188612-4.7434165-1.3771505-4.0628463-3.4188612-4.7434165-4.2898476.0216949-5.5811388 1.7434165h-8c-1.2912912-1.7217216-3.5394281-2.4239867-5.5811388-1.7434165s-3.4188612 2.5912645-3.4188612 4.7434165 1.3771505 4.0628463 3.4188612 4.7434165 4.2898476-.0216949 5.5811388-1.7434165v5.1c-1.2142329.6917651-2.2240123 1.6922299-2.927 2.9h-5.073c-2.7600532.0033061-4.9966939 2.2399468-5 5v12h-2c-.5522847 0-1-.4477153-1-1v-25.586l20-20 20 20v25.586c0 .5522847-.4477153 1-1 1zm2.414-28-20.707-20.707c-.3904999-.39038194-1.0235001-.39038194-1.414 0l-20.707 20.707h-6.586l28-28 28 28z\"><\/path><path id=\"Shape\" d=\"m28 46c.5522847 0 1-.4477153 1-1-.0342778-.5412774.1662515-1.0710921.5503331-1.4540249s.9144946-.5818741 1.4556669-.5459751c.5522847-.0016569.9986569-.4507153.997-1.003s-.4507153-.9986569-1.003-.997c-1.0702387-.0315929-2.1061138.3796808-2.8632165 1.1367835s-1.1683764 1.7929778-1.1367835 2.8632165c0 .5522847.4477153 1 1 1z\"><\/path>\n<\/g>\n<\/g><\/svg>\n            \n            \n          <\/span>\n              <h4 class=\"u-align-center u-text u-text-4\">Plomberie<\/h4>\n            <\/div>\n          <\/div>\n          <div class=\"u-align-center u-container-style u-list-item u-repeater-item u-video-cover u-white u-list-item-2\">\n            <div class=\"u-container-layout u-similar-container u-valign-middle u-container-layout-2\"><span class=\"u-icon u-icon-rectangle u-text-palette-2-base u-icon-2\" data-animation-name=\"fadeIn\" data-animation-duration=\"1500\" data-animation-delay=\"750\" data-animation-direction=\"\" data-href=\"\/Interventions.html#sec-67a4\"><svg class=\"u-svg-link\" preserveAspectRatio=\"xMidYMin slice\" viewBox=\"0 0 496 496\" style=\"\"><use xmlns:xlink=\"http:\/\/www.w3.org\/1999\/xlink\" xlink:href=\"#svg-db36\"><\/use><\/svg><svg xmlns=\"http:\/\/www.w3.org\/2000\/svg\" xmlns:xlink=\"http:\/\/www.w3.org\/1999\/xlink\" version=\"1.1\" xml:space=\"preserve\" class=\"u-svg-content\" viewBox=\"0 0 496 496\" x=\"0px\" y=\"0px\" id=\"svg-db36\" style=\"enable-background:new 0 0 496 496;\"><g><g><g><path d=\"M472,0H24C10.768,0,0,10.768,0,24v224c0,22.056,17.944,40,40,40h416c22.056,0,40-17.944,40-40V24     C496,10.768,485.232,0,472,0z M24,16h448c4.416,0,8,3.592,8,8v200H16V24C16,19.592,19.584,16,24,16z M368,240v32H128v-32H368z      M16,248v-8h96v32H40C26.768,272,16,261.232,16,248z M456,272h-72v-32h96v8C480,261.232,469.232,272,456,272z\"><\/path><path d=\"M432,48H64v144h368V48z M416,176H80V64h336V176z\"><\/path><path d=\"M400,112h-96v48h96V112z M384,144h-64v-16h64V144z\"><\/path><path d=\"M352,408c-17.648,0-32,14.352-32,32h16c0-8.824,7.176-16,16-16c8.824,0,16,7.176,16,16v8c0,17.648-14.352,32-32,32     s-32-14.352-32-32v-56h-16v56c0,26.472,21.528,48,48,48s48-21.528,48-48v-8C384,422.352,369.648,408,352,408z\"><\/path><rect x=\"288\" y=\"360\" width=\"16\" height=\"16\"><\/rect><path d=\"M464,384c-17.648,0-32,14.352-32,32h16c0-8.824,7.176-16,16-16c8.824,0,16,7.176,16,16v8c0,17.648-14.352,32-32,32     s-32-14.352-32-32V304h-16v120c0,26.472,21.528,48,48,48s48-21.528,48-48v-8C496,398.352,481.648,384,464,384z\"><\/path><path d=\"M80,424c0,17.648-14.352,32-32,32s-32-14.352-32-32v-8c0-8.824,7.176-16,16-16s16,7.176,16,16h16     c0-17.648-14.352-32-32-32S0,398.352,0,416v8c0,26.472,21.528,48,48,48s48-21.528,48-48v-88H80V424z\"><\/path><rect x=\"80\" y=\"304\" width=\"16\" height=\"16\"><\/rect><path d=\"M192,408c0,17.648-14.352,32-32,32s-32-14.352-32-32v-8c0-8.824,7.176-16,16-16c8.824,0,16,7.176,16,16h16     c0-17.648-14.352-32-32-32s-32,14.352-32,32v8c0,26.472,21.528,48,48,48s48-21.528,48-48v-88h-16V408z\"><\/path>\n<\/g>\n<\/g>\n<\/g><\/svg>\n            \n            \n          <\/span>\n              <h4 class=\"u-align-center u-text u-text-5\">Climatisation<\/h4>\n            <\/div>\n          <\/div>\n          <div class=\"u-align-center u-container-style u-list-item u-repeater-item u-video-cover u-white u-list-item-3\">\n            <div class=\"u-container-layout u-similar-container u-valign-middle u-container-layout-3\"><span class=\"u-icon u-icon-rectangle u-text-palette-2-base u-icon-3\" data-animation-name=\"fadeIn\" data-animation-duration=\"1500\" data-animation-delay=\"750\" data-animation-direction=\"\" data-href=\"\/Interventions.html#sec-67a4\"><svg class=\"u-svg-link\" preserveAspectRatio=\"xMidYMin slice\" viewBox=\"0 0 512 512\" style=\"\"><use xmlns:xlink=\"http:\/\/www.w3.org\/1999\/xlink\" xlink:href=\"#svg-2d5c\"><\/use><\/svg><svg xmlns=\"http:\/\/www.w3.org\/2000\/svg\" xmlns:xlink=\"http:\/\/www.w3.org\/1999\/xlink\" version=\"1.1\" xml:space=\"preserve\" class=\"u-svg-content\" viewBox=\"0 0 512 512\" x=\"0px\" y=\"0px\" id=\"svg-2d5c\" style=\"enable-background:new 0 0 512 512;\"><g><g><path d=\"M204.8,460.8h-34.133c-4.71,0-8.533,3.823-8.533,8.533v34.133c0,4.71,3.823,8.533,8.533,8.533H204.8    c4.71,0,8.533-3.823,8.533-8.533v-34.133C213.333,464.623,209.51,460.8,204.8,460.8z M196.267,494.933H179.2v-17.067h17.067    V494.933z\"><\/path>\n<\/g>\n<\/g><g><g><path d=\"M213.333,426.667h-51.2c-4.71,0-8.533,3.823-8.533,8.533v34.133c0,4.71,3.823,8.533,8.533,8.533h51.2    c4.71,0,8.533-3.823,8.533-8.533V435.2C221.867,430.49,218.044,426.667,213.333,426.667z M204.8,460.8h-34.133v-17.067H204.8    V460.8z\"><\/path>\n<\/g>\n<\/g><g><g><path d=\"M366.933,0H145.067C121.54,0,102.4,19.14,102.4,42.667v358.4c0,23.526,19.14,42.667,42.667,42.667h221.867    c23.526,0,42.667-19.14,42.667-42.667v-358.4C409.6,19.14,390.46,0,366.933,0z M392.533,401.067c0,14.114-11.486,25.6-25.6,25.6    H145.067c-14.114,0-25.6-11.486-25.6-25.6v-358.4c0-14.114,11.486-25.6,25.6-25.6h221.867c14.114,0,25.6,11.486,25.6,25.6V401.067    z\"><\/path>\n<\/g>\n<\/g><g><g><path d=\"M341.333,460.8H307.2c-4.71,0-8.533,3.823-8.533,8.533v34.133c0,4.71,3.823,8.533,8.533,8.533h34.133    c4.71,0,8.533-3.823,8.533-8.533v-34.133C349.867,464.623,346.044,460.8,341.333,460.8z M332.8,494.933h-17.067v-17.067H332.8    V494.933z\"><\/path>\n<\/g>\n<\/g><g><g><path d=\"M349.867,426.667h-51.2c-4.71,0-8.533,3.823-8.533,8.533v34.133c0,4.71,3.823,8.533,8.533,8.533h51.2    c4.71,0,8.533-3.823,8.533-8.533V435.2C358.4,430.49,354.577,426.667,349.867,426.667z M341.333,460.8H307.2v-17.067h34.133V460.8    z\"><\/path>\n<\/g>\n<\/g><g><g><path d=\"M256,76.8c-18.825,0-34.133,15.309-34.133,34.133s15.309,34.133,34.133,34.133s34.133-15.309,34.133-34.133    S274.825,76.8,256,76.8z M256,128c-9.412,0-17.067-7.654-17.067-17.067c0-9.412,7.654-17.067,17.067-17.067    s17.067,7.654,17.067,17.067C273.067,120.346,265.412,128,256,128z\"><\/path>\n<\/g>\n<\/g><g><g><path d=\"M256,110.933c-4.71,0-8.533,3.823-8.533,8.533v17.067c0,4.71,3.823,8.533,8.533,8.533s8.533-3.823,8.533-8.533v-17.067    C264.533,114.756,260.71,110.933,256,110.933z\"><\/path>\n<\/g>\n<\/g><g><g><path d=\"M298.667,273.067h-85.333c-14.114,0-25.6,11.486-25.6,25.6v25.6c0,14.114,11.486,25.6,25.6,25.6h85.333    c14.114,0,25.6-11.486,25.6-25.6v-25.6C324.267,284.553,312.781,273.067,298.667,273.067z M307.2,324.267    c0,4.702-3.831,8.533-8.533,8.533h-85.333c-4.702,0-8.533-3.831-8.533-8.533v-25.6c0-4.702,3.831-8.533,8.533-8.533h85.333    c4.702,0,8.533,3.831,8.533,8.533V324.267z\"><\/path>\n<\/g>\n<\/g><g><g><path d=\"M287.633,309.7c-3.337-3.336-8.73-3.336-12.066,0l-25.6,25.6c-3.337,3.337-3.337,8.73,0,12.066    c1.664,1.664,3.849,2.5,6.033,2.5s4.369-0.836,6.033-2.5l25.6-25.6C290.97,318.43,290.97,313.037,287.633,309.7z\"><\/path>\n<\/g>\n<\/g><g><g><path d=\"M401.067,42.667H110.933c-4.71,0-8.533,3.823-8.533,8.533V384c0,4.71,3.823,8.533,8.533,8.533h290.133    c4.71,0,8.533-3.823,8.533-8.533V51.2C409.6,46.49,405.777,42.667,401.067,42.667z M392.533,375.467H119.467V59.733h273.067    V375.467z\"><\/path>\n<\/g>\n<\/g><\/svg>\n            \n            \n          <\/span>\n              <h4 class=\"u-align-center u-text u-text-6\">Chauffe-eau<\/h4>\n            <\/div>\n          <\/div>\n          <div class=\"u-align-center u-container-style u-list-item u-repeater-item u-video-cover u-white u-list-item-4\">\n            <div class=\"u-container-layout u-similar-container u-valign-middle u-container-layout-4\"><span class=\"u-icon u-icon-rectangle u-text-palette-2-base u-icon-4\" data-animation-name=\"fadeIn\" data-animation-duration=\"1500\" data-animation-delay=\"750\" data-animation-direction=\"\" data-href=\"\/Interventions.html#sec-67a4\"><svg class=\"u-svg-link\" preserveAspectRatio=\"xMidYMin slice\" viewBox=\"0 0 512 512\" style=\"\"><use xmlns:xlink=\"http:\/\/www.w3.org\/1999\/xlink\" xlink:href=\"#svg-df33\"><\/use><\/svg><svg xmlns=\"http:\/\/www.w3.org\/2000\/svg\" xmlns:xlink=\"http:\/\/www.w3.org\/1999\/xlink\" version=\"1.1\" xml:space=\"preserve\" class=\"u-svg-content\" viewBox=\"0 0 512 512\" x=\"0px\" y=\"0px\" id=\"svg-df33\" style=\"enable-background:new 0 0 512 512;\"><g><g><g><path d=\"M201.677,109.646c-19.125,19.01-31.01,46.083-31.01,70.667c0,5.896,4.771,10.667,10.667,10.667     c5.896,0,10.667-4.771,10.667-10.667c0-18.813,9.698-40.615,24.719-55.542c4.177-4.146,4.198-10.906,0.042-15.083     S205.854,105.469,201.677,109.646z\"><\/path><path d=\"M394.667,42.667H380.72C376.996,36.409,370.458,32,362.667,32c-11.76,0-21.333,9.573-21.333,21.333     c0,11.76,9.573,21.333,21.333,21.333c7.792,0,14.329-4.409,18.053-10.667h13.947c5.896,0,10.667-4.771,10.667-10.667     C405.333,47.438,400.563,42.667,394.667,42.667z\"><\/path><path d=\"M440.979,36.771C429.646,14.094,406.844,0,381.479,0H130.521c-25.365,0-48.167,14.094-59.5,36.771     C66.427,45.958,64,56.25,64,66.521v25.51c0,3.156,0.219,6.292,0.667,9.406L81.51,219.365C84.49,240.25,102.656,256,123.75,256     h25.031c4.089,7.48,8.839,14.559,13.928,21.333h-24.043c-17.646,0-32,14.354-32,32c0,14.109,9.238,25.978,21.936,30.223     c3.023,43.13,27.465,82.16,65.449,103.194c-15.083,15.906-23.385,36.708-23.385,58.583c0,5.896,4.771,10.667,10.667,10.667     h149.333c5.896,0,10.667-4.771,10.667-10.667c0-21.875-8.302-42.677-23.771-58.552c38.345-21.064,62.81-60.094,65.833-103.225     c12.699-4.245,21.938-16.113,21.938-30.223c0-17.646-14.354-32-32-32H349.29c5.09-6.775,9.84-13.853,13.928-21.333h25.031     c21.094,0,39.26-15.75,42.24-36.635l16.844-117.927c0.448-3.115,0.667-6.25,0.667-9.406v-25.51     C448,56.25,445.573,45.958,440.979,36.771z M307.302,424.083c-5.74,3.146-9.604,8.635-10.615,15.063     c-1.031,6.656,1.073,13.313,5.781,18.271c8.823,9.313,14.542,20.844,16.635,33.25H192.896     c2.083-12.406,7.813-23.938,16.635-33.24c4.708-4.969,6.813-11.625,5.781-18.281c-1.01-6.427-4.875-11.917-10.604-15.052     c-30.993-17.033-51.15-48.125-54.651-82.76h211.885C358.441,375.969,338.286,407.06,307.302,424.083z M373.333,298.667     c5.885,0,10.667,4.781,10.667,10.667c0,5.885-4.781,10.667-10.667,10.667H138.667c-5.885,0-10.667-4.781-10.667-10.667     c0-5.885,4.781-10.667,10.667-10.667H373.333z M321.456,277.333H190.544c-25.078-26.214-41.211-63.777-41.211-97.021     C149.333,125.406,194.948,64,256,64s106.667,61.406,106.667,116.313C362.667,213.556,346.534,251.12,321.456,277.333z      M426.667,92.031c0,2.135-0.156,4.271-0.458,6.385l-16.844,117.927c-1.49,10.448-10.563,18.323-21.115,18.323h-15.288     C379.939,216.678,384,197.996,384,180.313c0-64.979-54.74-137.646-128-137.646s-128,72.667-128,137.646     c0,17.684,4.061,36.366,11.038,54.354H123.75c-10.552,0-19.625-7.875-21.115-18.323L85.792,98.417     c-0.302-2.115-0.458-4.25-0.458-6.385v-25.51c0-6.979,1.646-13.969,4.771-20.208c7.698-15.406,23.188-24.979,40.417-24.979     h250.958c17.229,0,32.719,9.573,40.417,24.979c3.125,6.24,4.771,13.229,4.771,20.208V92.031z\"><\/path>\n<\/g>\n<\/g>\n<\/g><\/svg>\n            \n            \n          <\/span>\n              <h4 class=\"u-align-center u-text u-text-7\">Toilettes<br>\n              <\/h4>\n            <\/div>\n          <\/div>\n        <\/div>\n        <a href=\"https:\/\/nrpc37.fr\/index.php\/nos-realisations\/\" class=\"u-btn u-btn-round u-button-style u-custom-font u-heading-font u-hover-palette-2-light-1 u-palette-2-base u-radius-50 u-btn-1\" data-animation-name=\"zoomIn\" data-animation-duration=\"1000\" data-animation-delay=\"0\" data-animation-direction=\"\">Galerie Photos<\/a>\n      <\/div>\n    <\/section>\n    <section class=\"u-clearfix u-palette-1-dark-2 u-section-4\" id=\"carousel_7215\">\n      <div class=\"u-clearfix u-sheet u-valign-middle-lg u-valign-middle-md u-valign-middle-sm u-valign-middle-xl u-sheet-1\">\n        <div class=\"u-clearfix u-expanded-width u-layout-wrap u-layout-wrap-1\">\n          <div class=\"u-layout\">\n            <div class=\"u-layout-row\">\n              <div class=\"u-align-left u-container-style u-layout-cell u-left-cell u-size-42 u-layout-cell-1\">\n                <div class=\"u-container-layout u-valign-middle-lg u-valign-middle-md u-valign-middle-sm u-valign-middle-xl u-container-layout-1\">\n                  <h2 class=\"u-custom-font u-font-georgia u-text u-text-1\">Le m\u00e9tier de Plombier<\/h2>\n                  <p class=\"u-text u-text-2\">\n                    <br>\u201cLe&nbsp;<b>m\u00e9tier de plombier<\/b>&nbsp;est un m\u00e9tier tr\u00e8s ancien, dont l\u2019origine remonte \u00e0 la construction des&nbsp;<a title=\"Pyramide\" href=\"https:\/\/fr.wikipedia.org\/wiki\/Pyramide\" target=\"_blank\" rel=\"noopener noreferrer\" class=\"u-active-none u-border-none u-btn u-button-style u-hover-none u-none u-text-palette-1-base u-btn-1\">pyramides<\/a>&nbsp;en&nbsp;<a title=\"\u00c9gypte antique\" href=\"https:\/\/fr.wikipedia.org\/wiki\/%C3%89gypte_antique\" target=\"_blank\" rel=\"noopener noreferrer\" class=\"u-active-none u-border-none u-btn u-button-style u-hover-none u-none u-text-palette-1-base u-btn-2\">\u00c9gypte antique<\/a>&nbsp;; attest\u00e9 par des tuyaux en cuivre vieux de&nbsp;4&nbsp;500&nbsp;ans<a href=\"https:\/\/fr.wikipedia.org\/wiki\/Histoire_du_m%C3%A9tier_de_plombier#cite_note-ReferenceA-1\" class=\"u-active-none u-border-none u-btn u-button-style u-hover-none u-none u-text-palette-1-base u-btn-3\">1<\/a>, c\u2019est un m\u00e9tier qui n\u2019a cess\u00e9 de s\u2019am\u00e9liorer et de se d\u00e9velopper au cours des si\u00e8cles et des g\u00e9n\u00e9rations de plombiers qui l\u2019on servi\u2026.<br>Le travail du plombier ne se limite pas \u00e0 travailler sous un \u00e9vier, \u00e0 boucher les fuites, ou \u00e0 refaire les salles de bains<a href=\"https:\/\/fr.wikipedia.org\/wiki\/Histoire_du_m%C3%A9tier_de_plombier#cite_note-7\" class=\"u-active-none u-border-none u-btn u-button-style u-hover-none u-none u-text-palette-1-base u-btn-4\">7<\/a>. Bien qu\u2019il s\u2019agisse d\u2019une partie importante du m\u00e9tier de plombier de r\u00e9parer les fuites et d\u2019apporter l\u2019hygi\u00e8ne et le confort dans les logements, les usines ou les centres de loisirs, son travail est \u00e9galement de participer \u00e0 d\u2019autres r\u00e9alisations beaucoup plus complexes et qui demandent un grand nombre de connaissances dans de nombreux domaines de la technique et des ann\u00e9es d\u2019exp\u00e9rience dans le m\u00e9tier\u2026\u201d \n                  <\/p>\n                  <a href=\"https:\/\/fr.wikipedia.org\/wiki\/Histoire_de_la_plomberie\" class=\"u-border-0 u-link u-text-black u-link-1\" target=\"_blank\">(lire la suite sur Wikipedia)<\/a>\n                <\/div>\n              <\/div>\n              <div class=\"u-align-center u-container-style u-expand-resize u-layout-cell u-right-cell u-size-18 u-layout-cell-2\">\n                <div class=\"u-container-layout u-valign-middle u-container-layout-2\">\n                  <img decoding=\"async\" class=\"u-expanded-width u-image u-image-contain u-image-1\" src=\"https:\/\/nrpc37.fr\/wp-content\/uploads\/2020\/11\/600px-Wikipedia_logo_svg.svg-9.png\" data-image-width=\"600\" data-image-height=\"600\">\n                <\/div>\n              <\/div>\n            <\/div>\n          <\/div>\n        <\/div>\n      <\/div>\n    <\/section>\n    \n    \n  \n","protected":false},"excerpt":{"rendered":"<p>Nicolas RAFIN Plomberie &#8211; Sanitaires &#8211; Climatisation Cr\u00e9ation de Salle de bain Cl\u00e9 en main Nicolas RAFIN&nbsp; Plomberie &#8211; Sanitaires &#8211; Climatisation C&rsquo;est aussi&#8230; Faire appel \u00e0 un professionnel&nbsp;comp\u00e9tent et qualifi\u00e9.Avoir une \u00e9tude de vos travaux r\u00e9alis\u00e9e avec la plus grande attention.Avoir la s\u00e9r\u00e9nit\u00e9 que vos travaux sont garantis dans le temps. Plomberie Climatisation Chauffe-eau &hellip; <a href=\"https:\/\/nrpc37.fr\/\" class=\"more-link\">Continue reading<span class=\"screen-reader-text\"> \u00ab\u00a0accueil\u00a0\u00bb<\/span><\/a><\/p>\n","protected":false},"author":1,"featured_media":0,"parent":0,"menu_order":5,"comment_status":"closed","ping_status":"closed","template":"","meta":{"footnotes":""},"class_list":["post-684","page","type-page","status-publish","hentry"],"_links":{"self":[{"href":"https:\/\/nrpc37.fr\/index.php\/wp-json\/wp\/v2\/pages\/684","targetHints":{"allow":["GET"]}}],"collection":[{"href":"https:\/\/nrpc37.fr\/index.php\/wp-json\/wp\/v2\/pages"}],"about":[{"href":"https:\/\/nrpc37.fr\/index.php\/wp-json\/wp\/v2\/types\/page"}],"author":[{"embeddable":true,"href":"https:\/\/nrpc37.fr\/index.php\/wp-json\/wp\/v2\/users\/1"}],"replies":[{"embeddable":true,"href":"https:\/\/nrpc37.fr\/index.php\/wp-json\/wp\/v2\/comments?post=684"}],"version-history":[{"count":2,"href":"https:\/\/nrpc37.fr\/index.php\/wp-json\/wp\/v2\/pages\/684\/revisions"}],"predecessor-version":[{"id":697,"href":"https:\/\/nrpc37.fr\/index.php\/wp-json\/wp\/v2\/pages\/684\/revisions\/697"}],"wp:attachment":[{"href":"https:\/\/nrpc37.fr\/index.php\/wp-json\/wp\/v2\/media?parent=684"}],"curies":[{"name":"wp","href":"https:\/\/api.w.org\/{rel}","templated":true}]}}